{"id":1733,"date":"2025-10-28T13:16:18","date_gmt":"2025-10-28T13:16:18","guid":{"rendered":"https:\/\/brewcollective.co.uk\/staging\/?post_type=product&#038;p=1733"},"modified":"2025-10-28T13:17:44","modified_gmt":"2025-10-28T13:17:44","slug":"creme-brulee-syrup-250ml","status":"publish","type":"product","link":"https:\/\/brewcollective.co.uk\/staging\/product\/creme-brulee-syrup-250ml\/","title":{"rendered":"Cr\u00e8me Br\u00fbl\u00e9e Syrup 250ml"},"content":{"rendered":"","protected":false},"excerpt":{"rendered":"<p>A classic French dessert, our take on cr\u00e8me br\u00fbl\u00e9e combines smooth vanilla with warm caramel to create the perfect Simply Cr\u00e8me Br\u00fbl\u00e9e Syrup. Add this to your coffee for a delicate and indulgent creamy dessert flavour.<\/p>\n<p>Our extensive range of Simply Syrups are easy to use and can be used in hot and cold drinks. Use as coffee syrups, flavour frappes, add to cocktails, smoothies, milkshakes and more! We also offer a selection of sugar free syrups and organic syrups.<\/p>\n<p><strong>Suitable for Vegans<br \/>\n<\/strong><strong>Halal Certified<\/strong><\/p>\n","protected":false},"featured_media":1760,"comment_status":"open","ping_status":"closed","template":"","meta":[],"product_brand":[],"product_cat":[68,72],"product_tag":[],"class_list":{"0":"post-1733","1":"product","2":"type-product","3":"status-publish","4":"has-post-thumbnail","6":"product_cat-syrups","7":"product_cat-syrups-250ml","9":"first","10":"instock","11":"shipping-taxable","12":"purchasable","13":"product-type-simple"},"_links":{"self":[{"href":"https:\/\/brewcollective.co.uk\/staging\/wp-json\/wp\/v2\/product\/1733","targetHints":{"allow":["GET"]}}],"collection":[{"href":"https:\/\/brewcollective.co.uk\/staging\/wp-json\/wp\/v2\/product"}],"about":[{"href":"https:\/\/brewcollective.co.uk\/staging\/wp-json\/wp\/v2\/types\/product"}],"replies":[{"embeddable":true,"href":"https:\/\/brewcollective.co.uk\/staging\/wp-json\/wp\/v2\/comments?post=1733"}],"wp:featuredmedia":[{"embeddable":true,"href":"https:\/\/brewcollective.co.uk\/staging\/wp-json\/wp\/v2\/media\/1760"}],"wp:attachment":[{"href":"https:\/\/brewcollective.co.uk\/staging\/wp-json\/wp\/v2\/media?parent=1733"}],"wp:term":[{"taxonomy":"product_brand","embeddable":true,"href":"https:\/\/brewcollective.co.uk\/staging\/wp-json\/wp\/v2\/product_brand?post=1733"},{"taxonomy":"product_cat","embeddable":true,"href":"https:\/\/brewcollective.co.uk\/staging\/wp-json\/wp\/v2\/product_cat?post=1733"},{"taxonomy":"product_tag","embeddable":true,"href":"https:\/\/brewcollective.co.uk\/staging\/wp-json\/wp\/v2\/product_tag?post=1733"}],"curies":[{"name":"wp","href":"https:\/\/api.w.org\/{rel}","templated":true}]}}