{"id":1314,"date":"2025-10-09T14:58:07","date_gmt":"2025-10-09T14:58:07","guid":{"rendered":"https:\/\/brewcollective.co.uk\/staging\/?post_type=product&#038;p=1314"},"modified":"2025-10-09T15:05:17","modified_gmt":"2025-10-09T15:05:17","slug":"pods","status":"publish","type":"product","link":"https:\/\/brewcollective.co.uk\/staging\/product\/pods\/","title":{"rendered":"Pods"},"content":{"rendered":"","protected":false},"excerpt":{"rendered":"<div class=\"woocommerce-product-details__short-description\">\n<p>All our coffees are available in Nespresso compatible pods. For drop through Nespresso coffee machines. Aluminium and plastic free, our pods can be industrial composted. Just throw then into your \u2018brown\u2019 bin. We produce all our pods in our factory ensuring freshness. Enjoy our artisan roasted coffee without contributing to landfill or ocean pollution.<\/p>\n<p>Our Vegecap capsules are made without GMOs or petroleum.\u00a0Their raw material is of vegetable origin.\u00a0The shelf life of a capsule is 2 years from the date of manufacture.<\/p>\n<p>Each pack\/box contains<span class=\"Apple-converted-space\">\u00a0\u00a0<\/span>x 10 Pods.<\/p>\n<p>* Nespresso trademark is owned by Soci\u00e9t\u00e9 des Produits Nestl\u00e9.<\/p>\n<\/div>\n<form class=\"variations_form cart\" action=\"https:\/\/u-roastcoffee.com\/product\/papua-new-guinea-single-origin\/\" enctype=\"multipart\/form-data\" method=\"post\" data-product_id=\"201\" data-product_variations=\"[{&quot;attributes&quot;:{&quot;attribute_choose-size&quot;:&quot;250g&quot;,&quot;attribute_grind-type&quot;:&quot;&quot;},&quot;availability_html&quot;:&quot;&quot;,&quot;backorders_allowed&quot;:false,&quot;dimensions&quot;:{&quot;length&quot;:&quot;&quot;,&quot;width&quot;:&quot;&quot;,&quot;height&quot;:&quot;&quot;},&quot;dimensions_html&quot;:&quot;N\/A&quot;,&quot;display_price&quot;:6.75,&quot;display_regular_price&quot;:6.75,&quot;image&quot;:{&quot;title&quot;:&quot;2&quot;,&quot;caption&quot;:&quot;&quot;,&quot;url&quot;:&quot;https:\/\/u-roastcoffee.com\/wp-content\/uploads\/2023\/05\/2-3.jpg&quot;,&quot;alt&quot;:&quot;2&quot;,&quot;src&quot;:&quot;https:\/\/u-roastcoffee.com\/wp-content\/uploads\/2023\/05\/2-3-600x800.jpg&quot;,&quot;srcset&quot;:&quot;https:\/\/u-roastcoffee.com\/wp-content\/uploads\/2023\/05\/2-3-600x800.jpg 600w, https:\/\/u-roastcoffee.com\/wp-content\/uploads\/2023\/05\/2-3-225x300.jpg 225w, https:\/\/u-roastcoffee.com\/wp-content\/uploads\/2023\/05\/2-3-768x1024.jpg 768w, https:\/\/u-roastcoffee.com\/wp-content\/uploads\/2023\/05\/2-3-1152x1536.jpg 1152w, https:\/\/u-roastcoffee.com\/wp-content\/uploads\/2023\/05\/2-3-1536x2048.jpg 1536w, https:\/\/u-roastcoffee.com\/wp-content\/uploads\/2023\/05\/2-3.jpg 1920w&quot;,&quot;sizes&quot;:&quot;(max-width: 600px) 100vw, 600px&quot;,&quot;full_src&quot;:&quot;https:\/\/u-roastcoffee.com\/wp-content\/uploads\/2023\/05\/2-3.jpg&quot;,&quot;full_src_w&quot;:1920,&quot;full_src_h&quot;:2560,&quot;gallery_thumbnail_src&quot;:&quot;https:\/\/u-roastcoffee.com\/wp-content\/uploads\/2023\/05\/2-3-100x100.jpg&quot;,&quot;gallery_thumbnail_src_w&quot;:100,&quot;gallery_thumbnail_src_h&quot;:100,&quot;thumb_src&quot;:&quot;https:\/\/u-roastcoffee.com\/wp-content\/uploads\/2023\/05\/2-3-300x300.jpg&quot;,&quot;thumb_src_w&quot;:300,&quot;thumb_src_h&quot;:300,&quot;src_w&quot;:600,&quot;src_h&quot;:800},&quot;image_id&quot;:215,&quot;is_downloadable&quot;:false,&quot;is_in_stock&quot;:true,&quot;is_purchasable&quot;:true,&quot;is_sold_individually&quot;:&quot;no&quot;,&quot;is_virtual&quot;:false,&quot;max_qty&quot;:&quot;&quot;,&quot;min_qty&quot;:1,&quot;price_html&quot;:&quot;&lt;span class=&quot;price&quot;&gt;&lt;span class=&quot;woocommerce-Price-amount amount&quot;&gt;&lt;bdi&gt;&lt;span class=&quot;woocommerce-Price-currencySymbol&quot;&gt;&amp;pound;&lt;\/span&gt;6.75&lt;\/bdi&gt;&lt;\/span&gt;&lt;\/span&gt;&quot;,&quot;sku&quot;:&quot;005&quot;,&quot;variation_description&quot;:&quot;&quot;,&quot;variation_id&quot;:202,&quot;variation_is_active&quot;:true,&quot;variation_is_visible&quot;:true,&quot;weight&quot;:&quot;&quot;,&quot;weight_html&quot;:&quot;N\/A&quot;},{&quot;attributes&quot;:{&quot;attribute_choose-size&quot;:&quot;500g&quot;,&quot;attribute_grind-type&quot;:&quot;&quot;},&quot;availability_html&quot;:&quot;&quot;,&quot;backorders_allowed&quot;:false,&quot;dimensions&quot;:{&quot;length&quot;:&quot;&quot;,&quot;width&quot;:&quot;&quot;,&quot;height&quot;:&quot;&quot;},&quot;dimensions_html&quot;:&quot;N\/A&quot;,&quot;display_price&quot;:12.5,&quot;display_regular_price&quot;:12.5,&quot;image&quot;:{&quot;title&quot;:&quot;2&quot;,&quot;caption&quot;:&quot;&quot;,&quot;url&quot;:&quot;https:\/\/u-roastcoffee.com\/wp-content\/uploads\/2023\/05\/2-3.jpg&quot;,&quot;alt&quot;:&quot;2&quot;,&quot;src&quot;:&quot;https:\/\/u-roastcoffee.com\/wp-content\/uploads\/2023\/05\/2-3-600x800.jpg&quot;,&quot;srcset&quot;:&quot;https:\/\/u-roastcoffee.com\/wp-content\/uploads\/2023\/05\/2-3-600x800.jpg 600w, https:\/\/u-roastcoffee.com\/wp-content\/uploads\/2023\/05\/2-3-225x300.jpg 225w, https:\/\/u-roastcoffee.com\/wp-content\/uploads\/2023\/05\/2-3-768x1024.jpg 768w, https:\/\/u-roastcoffee.com\/wp-content\/uploads\/2023\/05\/2-3-1152x1536.jpg 1152w, https:\/\/u-roastcoffee.com\/wp-content\/uploads\/2023\/05\/2-3-1536x2048.jpg 1536w, https:\/\/u-roastcoffee.com\/wp-content\/uploads\/2023\/05\/2-3.jpg 1920w&quot;,&quot;sizes&quot;:&quot;(max-width: 600px) 100vw, 600px&quot;,&quot;full_src&quot;:&quot;https:\/\/u-roastcoffee.com\/wp-content\/uploads\/2023\/05\/2-3.jpg&quot;,&quot;full_src_w&quot;:1920,&quot;full_src_h&quot;:2560,&quot;gallery_thumbnail_src&quot;:&quot;https:\/\/u-roastcoffee.com\/wp-content\/uploads\/2023\/05\/2-3-100x100.jpg&quot;,&quot;gallery_thumbnail_src_w&quot;:100,&quot;gallery_thumbnail_src_h&quot;:100,&quot;thumb_src&quot;:&quot;https:\/\/u-roastcoffee.com\/wp-content\/uploads\/2023\/05\/2-3-300x300.jpg&quot;,&quot;thumb_src_w&quot;:300,&quot;thumb_src_h&quot;:300,&quot;src_w&quot;:600,&quot;src_h&quot;:800},&quot;image_id&quot;:215,&quot;is_downloadable&quot;:false,&quot;is_in_stock&quot;:true,&quot;is_purchasable&quot;:true,&quot;is_sold_individually&quot;:&quot;no&quot;,&quot;is_virtual&quot;:false,&quot;max_qty&quot;:&quot;&quot;,&quot;min_qty&quot;:1,&quot;price_html&quot;:&quot;&lt;span class=&quot;price&quot;&gt;&lt;span class=&quot;woocommerce-Price-amount amount&quot;&gt;&lt;bdi&gt;&lt;span class=&quot;woocommerce-Price-currencySymbol&quot;&gt;&amp;pound;&lt;\/span&gt;12.50&lt;\/bdi&gt;&lt;\/span&gt;&lt;\/span&gt;&quot;,&quot;sku&quot;:&quot;005&quot;,&quot;variation_description&quot;:&quot;&quot;,&quot;variation_id&quot;:203,&quot;variation_is_active&quot;:true,&quot;variation_is_visible&quot;:true,&quot;weight&quot;:&quot;&quot;,&quot;weight_html&quot;:&quot;N\/A&quot;},{&quot;attributes&quot;:{&quot;attribute_choose-size&quot;:&quot;1kg&quot;,&quot;attribute_grind-type&quot;:&quot;&quot;},&quot;availability_html&quot;:&quot;&quot;,&quot;backorders_allowed&quot;:false,&quot;dimensions&quot;:{&quot;length&quot;:&quot;&quot;,&quot;width&quot;:&quot;&quot;,&quot;height&quot;:&quot;&quot;},&quot;dimensions_html&quot;:&quot;N\/A&quot;,&quot;display_price&quot;:23,&quot;display_regular_price&quot;:23,&quot;image&quot;:{&quot;title&quot;:&quot;2&quot;,&quot;caption&quot;:&quot;&quot;,&quot;url&quot;:&quot;https:\/\/u-roastcoffee.com\/wp-content\/uploads\/2023\/05\/2-3.jpg&quot;,&quot;alt&quot;:&quot;2&quot;,&quot;src&quot;:&quot;https:\/\/u-roastcoffee.com\/wp-content\/uploads\/2023\/05\/2-3-600x800.jpg&quot;,&quot;srcset&quot;:&quot;https:\/\/u-roastcoffee.com\/wp-content\/uploads\/2023\/05\/2-3-600x800.jpg 600w, https:\/\/u-roastcoffee.com\/wp-content\/uploads\/2023\/05\/2-3-225x300.jpg 225w, https:\/\/u-roastcoffee.com\/wp-content\/uploads\/2023\/05\/2-3-768x1024.jpg 768w, https:\/\/u-roastcoffee.com\/wp-content\/uploads\/2023\/05\/2-3-1152x1536.jpg 1152w, https:\/\/u-roastcoffee.com\/wp-content\/uploads\/2023\/05\/2-3-1536x2048.jpg 1536w, https:\/\/u-roastcoffee.com\/wp-content\/uploads\/2023\/05\/2-3.jpg 1920w&quot;,&quot;sizes&quot;:&quot;(max-width: 600px) 100vw, 600px&quot;,&quot;full_src&quot;:&quot;https:\/\/u-roastcoffee.com\/wp-content\/uploads\/2023\/05\/2-3.jpg&quot;,&quot;full_src_w&quot;:1920,&quot;full_src_h&quot;:2560,&quot;gallery_thumbnail_src&quot;:&quot;https:\/\/u-roastcoffee.com\/wp-content\/uploads\/2023\/05\/2-3-100x100.jpg&quot;,&quot;gallery_thumbnail_src_w&quot;:100,&quot;gallery_thumbnail_src_h&quot;:100,&quot;thumb_src&quot;:&quot;https:\/\/u-roastcoffee.com\/wp-content\/uploads\/2023\/05\/2-3-300x300.jpg&quot;,&quot;thumb_src_w&quot;:300,&quot;thumb_src_h&quot;:300,&quot;src_w&quot;:600,&quot;src_h&quot;:800},&quot;image_id&quot;:215,&quot;is_downloadable&quot;:false,&quot;is_in_stock&quot;:true,&quot;is_purchasable&quot;:true,&quot;is_sold_individually&quot;:&quot;no&quot;,&quot;is_virtual&quot;:false,&quot;max_qty&quot;:&quot;&quot;,&quot;min_qty&quot;:1,&quot;price_html&quot;:&quot;&lt;span class=&quot;price&quot;&gt;&lt;span class=&quot;woocommerce-Price-amount amount&quot;&gt;&lt;bdi&gt;&lt;span class=&quot;woocommerce-Price-currencySymbol&quot;&gt;&amp;pound;&lt;\/span&gt;23.00&lt;\/bdi&gt;&lt;\/span&gt;&lt;\/span&gt;&quot;,&quot;sku&quot;:&quot;005&quot;,&quot;variation_description&quot;:&quot;&quot;,&quot;variation_id&quot;:204,&quot;variation_is_active&quot;:true,&quot;variation_is_visible&quot;:true,&quot;weight&quot;:&quot;&quot;,&quot;weight_html&quot;:&quot;N\/A&quot;}]\"><\/form>\n","protected":false},"featured_media":1331,"comment_status":"open","ping_status":"closed","template":"","meta":[],"product_brand":[],"product_cat":[64],"product_tag":[],"class_list":{"0":"post-1314","1":"product","2":"type-product","3":"status-publish","4":"has-post-thumbnail","6":"product_cat-coffee","8":"first","9":"instock","10":"shipping-taxable","11":"purchasable","12":"product-type-variable"},"_links":{"self":[{"href":"https:\/\/brewcollective.co.uk\/staging\/wp-json\/wp\/v2\/product\/1314","targetHints":{"allow":["GET"]}}],"collection":[{"href":"https:\/\/brewcollective.co.uk\/staging\/wp-json\/wp\/v2\/product"}],"about":[{"href":"https:\/\/brewcollective.co.uk\/staging\/wp-json\/wp\/v2\/types\/product"}],"replies":[{"embeddable":true,"href":"https:\/\/brewcollective.co.uk\/staging\/wp-json\/wp\/v2\/comments?post=1314"}],"wp:featuredmedia":[{"embeddable":true,"href":"https:\/\/brewcollective.co.uk\/staging\/wp-json\/wp\/v2\/media\/1331"}],"wp:attachment":[{"href":"https:\/\/brewcollective.co.uk\/staging\/wp-json\/wp\/v2\/media?parent=1314"}],"wp:term":[{"taxonomy":"product_brand","embeddable":true,"href":"https:\/\/brewcollective.co.uk\/staging\/wp-json\/wp\/v2\/product_brand?post=1314"},{"taxonomy":"product_cat","embeddable":true,"href":"https:\/\/brewcollective.co.uk\/staging\/wp-json\/wp\/v2\/product_cat?post=1314"},{"taxonomy":"product_tag","embeddable":true,"href":"https:\/\/brewcollective.co.uk\/staging\/wp-json\/wp\/v2\/product_tag?post=1314"}],"curies":[{"name":"wp","href":"https:\/\/api.w.org\/{rel}","templated":true}]}}